{"id":229,"date":"2018-05-17T09:28:11","date_gmt":"2018-05-17T09:28:11","guid":{"rendered":"http:\/\/navigarespectrum.mimave-design-photo.net\/?page_id=229"},"modified":"2018-05-17T09:28:11","modified_gmt":"2018-05-17T09:28:11","slug":"tietosuoja","status":"publish","type":"page","link":"https:\/\/navigarespectrum.fi\/index.php\/tietosuoja\/","title":{"rendered":"Tietosuoja"},"content":{"rendered":"<p style=\"text-align: center;\">Tietosuoja NavigareSpectrum ja MiMaVe.Design.Photo -sivustoilla<\/p>\n<hr \/>\n<p><a href=\"https:\/\/mimave.navigarespectrum.fi\" target=\"_blank\" rel=\"noopener\"><img loading=\"lazy\" decoding=\"async\" class=\"aligncenter wp-image-237 size-medium\" src=\"http:\/\/navigarespectrum.mimave-design-photo.net\/wp-content\/uploads\/2018\/05\/MiMaVeDesignPhotoLogo-300x105.png\" alt=\"\" width=\"300\" height=\"105\" srcset=\"https:\/\/navigarespectrum.fi\/wp-content\/uploads\/2018\/05\/MiMaVeDesignPhotoLogo-300x105.png 300w, https:\/\/navigarespectrum.fi\/wp-content\/uploads\/2018\/05\/MiMaVeDesignPhotoLogo-768x269.png 768w, https:\/\/navigarespectrum.fi\/wp-content\/uploads\/2018\/05\/MiMaVeDesignPhotoLogo.png 1000w\" sizes=\"auto, (max-width: 300px) 100vw, 300px\" \/><\/a><\/p>\n<p><span style=\"color: #33cccc;\"><strong>Yhteydenotto tietosuoja-asioissa:<\/strong><\/span><\/p>\n<p>tietosuoja(at)navigarespectrum.fi<\/p>\n<p><strong><span style=\"color: #33cccc;\">Tietojen tarve:<\/span>\u00a0<\/strong><\/p>\n<p>Tietoja ker\u00e4t\u00e4\u00e4n yhteydenottopyynt\u00f6ihin vastaamiseen ja muuhun yhteydenpitoon. Tietoja voidaan my\u00f6s k\u00e4ytt\u00e4\u00e4 mahdollisissa ongelmatapauksissa ja niiden ratkaisuissa. Yleisi\u00e4 tietoja ker\u00e4t\u00e4\u00e4n vain toiminnallisuuden yll\u00e4pit\u00e4miseksi.<\/p>\n<p><span style=\"color: #33cccc;\"><strong>Tiedon keruu:<\/strong><\/span><\/p>\n<p>Ker\u00e4tty tieto tulee t\u00e4ytetyist\u00e4 ja l\u00e4hetetyist\u00e4 lomakkeista ja s\u00e4hk\u00f6postiliikenteest\u00e4. Yleist\u00e4 tietoa ker\u00e4t\u00e4\u00e4n sivustojen k\u00e4ytt\u00f6\u00f6n liittyen.<\/p>\n<p><span style=\"color: #33cccc;\"><strong>Oikeus omiin tietoihin:<\/strong><\/span><\/p>\n<p>K\u00e4ytt\u00e4j\u00e4ll\u00e4 on oikeus saada itse\u00e4\u00e4n koskevaa tietoa ja saada tietoa my\u00f6s poistetuksi tai muutetuksi. T\u00e4m\u00e4 edellytt\u00e4\u00e4, ett\u00e4 k\u00e4ytt\u00e4j\u00e4 voidaan tunnistaa. Tiettyj\u00e4 tietoja voidaan poistaa, jos niille ei ole esim. lains\u00e4\u00e4d\u00e4nn\u00f6llist\u00e4 estett\u00e4.<\/p>\n<p><span style=\"color: #33cccc;\"><strong>Tietojen s\u00e4ilytys:<\/strong><\/span><\/p>\n<p>Tietoja s\u00e4ilytet\u00e4\u00e4n verkkopalveluntarjoajan palvelimilla ja joillakin yksitt\u00e4isill\u00e4 laitteilla salasanasuojauksen takana. Tietoja ei luovuteta ulkopuolisille, paitsi jos laki tai muu vastaava n\u00e4in vaatii. Tietoja s\u00e4ilytet\u00e4\u00e4n toistaiseksi tai maksissaan lain kehyksien mukaan. Tietoja ei ole tarkoitus siirt\u00e4\u00e4 EU-alueen ulkopuolelle.<\/p>\n<hr \/>\n<p><a href=\"https:\/\/mimave.navigarespectrum.fi\" target=\"_blank\" rel=\"noopener\"><img loading=\"lazy\" decoding=\"async\" class=\"aligncenter wp-image-237 size-medium\" src=\"http:\/\/navigarespectrum.mimave-design-photo.net\/wp-content\/uploads\/2018\/05\/MiMaVeDesignPhotoLogo-300x105.png\" alt=\"\" width=\"300\" height=\"105\" srcset=\"https:\/\/navigarespectrum.fi\/wp-content\/uploads\/2018\/05\/MiMaVeDesignPhotoLogo-300x105.png 300w, https:\/\/navigarespectrum.fi\/wp-content\/uploads\/2018\/05\/MiMaVeDesignPhotoLogo-768x269.png 768w, https:\/\/navigarespectrum.fi\/wp-content\/uploads\/2018\/05\/MiMaVeDesignPhotoLogo.png 1000w\" sizes=\"auto, (max-width: 300px) 100vw, 300px\" \/><\/a><\/p>\n","protected":false},"excerpt":{"rendered":"<p>Tietosuoja NavigareSpectrum ja MiMaVe.Design.Photo -sivustoilla Yhteydenotto tietosuoja-asioissa: tietosuoja(at)navigarespectrum.fi Tietojen tarve:\u00a0 Tietoja ker\u00e4t\u00e4\u00e4n yhteydenottopyynt\u00f6ihin vastaamiseen ja muuhun yhteydenpitoon. Tietoja voidaan my\u00f6s k\u00e4ytt\u00e4\u00e4 mahdollisissa ongelmatapauksissa ja niiden ratkaisuissa. Yleisi\u00e4 tietoja ker\u00e4t\u00e4\u00e4n vain toiminnallisuuden yll\u00e4pit\u00e4miseksi. Tiedon keruu: Ker\u00e4tty tieto tulee t\u00e4ytetyist\u00e4 ja l\u00e4hetetyist\u00e4 lomakkeista ja s\u00e4hk\u00f6postiliikenteest\u00e4. Yleist\u00e4 tietoa ker\u00e4t\u00e4\u00e4n sivustojen k\u00e4ytt\u00f6\u00f6n liittyen. Oikeus omiin tietoihin: K\u00e4ytt\u00e4j\u00e4ll\u00e4 on oikeus [&hellip;]<\/p>\n","protected":false},"author":1,"featured_media":0,"parent":0,"menu_order":0,"comment_status":"closed","ping_status":"closed","template":"","meta":{"footnotes":""},"class_list":["post-229","page","type-page","status-publish","hentry"],"_links":{"self":[{"href":"https:\/\/navigarespectrum.fi\/index.php\/wp-json\/wp\/v2\/pages\/229","targetHints":{"allow":["GET"]}}],"collection":[{"href":"https:\/\/navigarespectrum.fi\/index.php\/wp-json\/wp\/v2\/pages"}],"about":[{"href":"https:\/\/navigarespectrum.fi\/index.php\/wp-json\/wp\/v2\/types\/page"}],"author":[{"embeddable":true,"href":"https:\/\/navigarespectrum.fi\/index.php\/wp-json\/wp\/v2\/users\/1"}],"replies":[{"embeddable":true,"href":"https:\/\/navigarespectrum.fi\/index.php\/wp-json\/wp\/v2\/comments?post=229"}],"version-history":[{"count":11,"href":"https:\/\/navigarespectrum.fi\/index.php\/wp-json\/wp\/v2\/pages\/229\/revisions"}],"predecessor-version":[{"id":242,"href":"https:\/\/navigarespectrum.fi\/index.php\/wp-json\/wp\/v2\/pages\/229\/revisions\/242"}],"wp:attachment":[{"href":"https:\/\/navigarespectrum.fi\/index.php\/wp-json\/wp\/v2\/media?parent=229"}],"curies":[{"name":"wp","href":"https:\/\/api.w.org\/{rel}","templated":true}]}}